{"id":354,"date":"2018-12-28T13:27:19","date_gmt":"2018-12-28T11:27:19","guid":{"rendered":"https:\/\/veebidoktor.ee\/valesokkeli\/?page_id=354"},"modified":"2019-02-12T13:37:43","modified_gmt":"2019-02-12T11:37:43","slug":"esileht","status":"publish","type":"page","link":"https:\/\/www.valesokkeli.fi\/sv\/","title":{"rendered":"Valesokkeli"},"content":{"rendered":"<div id=\"pl-354\"  class=\"panel-layout\" ><div id=\"pg-354-0\"  class=\"panel-grid panel-has-style\" ><div class=\"hero-slider-wrapper panel-row-style panel-row-style-for-354-0\" ><div id=\"pgc-354-0-0\"  class=\"panel-grid-cell\" ><div id=\"panel-354-0-0-0\" class=\"so-panel widget widget_siteorigin-panels-builder panel-first-child panel-last-child\" data-index=\"0\" ><div id=\"pl-w5c62b007418e0\"  class=\"panel-layout\" ><div id=\"pg-w5c62b007418e0-0\"  class=\"panel-grid panel-has-style\" ><div class=\"inner panel-row-style panel-row-style-for-w5c62b007418e0-0\" ><div id=\"pgc-w5c62b007418e0-0-0\"  class=\"panel-grid-cell\" ><div id=\"panel-w5c62b007418e0-0-0-0\" class=\"widget_text so-panel widget widget_custom_html panel-first-child panel-last-child\" data-index=\"0\" ><div class=\"textwidget custom-html-widget\"><h1 class=\"hero-title\">\n\tDen b\u00e4sta v\u00e4ggskon<br> n\u00e5gonsin\n<\/h1>\n<span class=\"hero-sub-title\">\nDen b\u00e4sta produkten f\u00f6r eliminering av felaktig husgrund garanteras\n<\/span>\n<div class=\"hero-btns-wrapper\">\n\t<a href=\"https:\/\/veebidoktor.ee\/valesokkeli\/sv\/kontakta-oss\/\" class=\"btn normal\">KONTAKTA OSS H\u00c4R<\/a>\t\n<\/div><\/div><\/div><\/div><\/div><\/div><\/div><\/div><\/div><\/div><\/div><div id=\"pg-354-1\"  class=\"panel-grid panel-has-style\" ><div class=\"panel-row-style panel-row-style-for-354-1\" ><div id=\"pgc-354-1-0\"  class=\"panel-grid-cell\" ><div id=\"panel-354-1-0-0\" class=\"so-panel widget widget_siteorigin-panels-builder panel-first-child panel-last-child\" data-index=\"1\" ><div class=\"inner panel-widget-style panel-widget-style-for-354-1-0-0\" ><div id=\"pl-w5c613587bd9bf\"  class=\"panel-layout\" ><div id=\"pg-w5c613587bd9bf-0\"  class=\"panel-grid panel-no-style\" ><div id=\"pgc-w5c613587bd9bf-0-0\"  class=\"panel-grid-cell\" ><div class=\"bordered-box-wrapper panel-cell-style panel-cell-style-for-w5c613587bd9bf-0-0\" ><div id=\"panel-w5c613587bd9bf-0-0-0\" class=\"so-panel widget widget_sow-image panel-first-child\" data-index=\"0\" ><div class=\"bordered-box-image panel-widget-style panel-widget-style-for-w5c613587bd9bf-0-0-0\" ><div\n\t\t\t\n\t\t\tclass=\"so-widget-sow-image so-widget-sow-image-default-c67d20f9f743\"\n\t\t\t\n\t\t>\n<div class=\"sow-image-container\">\n\t\t<img \n\tsrc=\"https:\/\/www.valesokkeli.fi\/wp-content\/uploads\/2018\/12\/shape-1.svg\" width=\"48\" height=\"48\" sizes=\"(max-width: 48px) 100vw, 48px\" alt=\"\" \t\tclass=\"so-widget-image\"\/>\n\t<\/div>\n\n<\/div><\/div><\/div><div id=\"panel-w5c613587bd9bf-0-0-1\" class=\"widget_text so-panel widget widget_custom_html panel-last-child\" data-index=\"1\" ><div class=\"textwidget custom-html-widget\"><h4 class=\"bordered-box-title\">\n\tProdukten \u00e4r tillverkad i rostfritt st\u00e5l\n<\/h4><\/div><\/div><\/div><\/div><div id=\"pgc-w5c613587bd9bf-0-1\"  class=\"panel-grid-cell\" ><div class=\"bordered-box-wrapper panel-cell-style panel-cell-style-for-w5c613587bd9bf-0-1\" ><div id=\"panel-w5c613587bd9bf-0-1-0\" class=\"so-panel widget widget_sow-image panel-first-child\" data-index=\"2\" ><div class=\"bordered-box-image panel-widget-style panel-widget-style-for-w5c613587bd9bf-0-1-0\" ><div\n\t\t\t\n\t\t\tclass=\"so-widget-sow-image so-widget-sow-image-default-c67d20f9f743\"\n\t\t\t\n\t\t>\n<div class=\"sow-image-container\">\n\t\t<img \n\tsrc=\"https:\/\/www.valesokkeli.fi\/wp-content\/uploads\/2018\/12\/shape-2.svg\" width=\"48\" height=\"51\" sizes=\"(max-width: 48px) 100vw, 48px\" alt=\"\" \t\tclass=\"so-widget-image\"\/>\n\t<\/div>\n\n<\/div><\/div><\/div><div id=\"panel-w5c613587bd9bf-0-1-1\" class=\"widget_text so-panel widget widget_custom_html panel-last-child\" data-index=\"3\" ><div class=\"textwidget custom-html-widget\"><h4 class=\"bordered-box-title\">\n\tTak och golv f\u00f6rblir en helhet, inget extra st\u00f6d beh\u00f6vs\n<\/h4><\/div><\/div><\/div><\/div><div id=\"pgc-w5c613587bd9bf-0-2\"  class=\"panel-grid-cell\" ><div class=\"bordered-box-wrapper panel-cell-style panel-cell-style-for-w5c613587bd9bf-0-2\" ><div id=\"panel-w5c613587bd9bf-0-2-0\" class=\"so-panel widget widget_sow-image panel-first-child\" data-index=\"4\" ><div class=\"bordered-box-image panel-widget-style panel-widget-style-for-w5c613587bd9bf-0-2-0\" ><div\n\t\t\t\n\t\t\tclass=\"so-widget-sow-image so-widget-sow-image-default-c67d20f9f743\"\n\t\t\t\n\t\t>\n<div class=\"sow-image-container\">\n\t\t<img \n\tsrc=\"https:\/\/www.valesokkeli.fi\/wp-content\/uploads\/2018\/12\/shape-3.svg\" width=\"28\" height=\"48\" sizes=\"(max-width: 28px) 100vw, 28px\" alt=\"\" \t\tclass=\"so-widget-image\"\/>\n\t<\/div>\n\n<\/div><\/div><\/div><div id=\"panel-w5c613587bd9bf-0-2-1\" class=\"widget_text so-panel widget widget_custom_html panel-last-child\" data-index=\"5\" ><div class=\"textwidget custom-html-widget\"><h4 class=\"bordered-box-title\">\n\tJusterbar h\u00f6jd<br>160 - 250 mm\n<\/h4><\/div><\/div><\/div><\/div><\/div><div id=\"pg-w5c613587bd9bf-1\"  class=\"panel-grid panel-has-style\" ><div class=\"questions-section-wrapper panel-row-style panel-row-style-for-w5c613587bd9bf-1\" ><div id=\"pgc-w5c613587bd9bf-1-0\"  class=\"panel-grid-cell\" ><div id=\"panel-w5c613587bd9bf-1-0-0\" class=\"so-panel widget widget_sow-editor panel-first-child\" data-index=\"6\" ><div\n\t\t\t\n\t\t\tclass=\"so-widget-sow-editor so-widget-sow-editor-base\"\n\t\t\t\n\t\t>\n<div class=\"siteorigin-widget-tinymce textwidget\">\n\t<h2>Bor du i en fastighet fr\u00e5n 1960\u20131990-talet?<\/h2>\n<p>Utifr\u00e5n ser husgrunden normal ut, men p\u00e5 insidan b\u00f6rjar husets tr\u00e4stomme vid markniv\u00e5 eller under den.<br \/>\nBlindsockelkonstruktionen anv\u00e4ndes fr\u00e5n 1960-talet fram till mitten av 1990-talet.<\/p>\n<p>En typisk byggnad med blindsockel: tegelkl\u00e4dd, svagt sluttande sadeltak eller horisontaltak, ingen h\u00f6jdskillnad mellan markniv\u00e5n utomhus och golvet inomhus.<br \/>\n\u00c4ven i hus fr\u00e5n 1980\u20131990-talet med grund av murblock.<\/p>\n<\/div>\n<\/div><\/div><div id=\"panel-w5c613587bd9bf-1-0-1\" class=\"so-panel widget widget_sow-editor panel-last-child\" data-index=\"7\" ><div\n\t\t\t\n\t\t\tclass=\"so-widget-sow-editor so-widget-sow-editor-base\"\n\t\t\t\n\t\t>\n<div class=\"siteorigin-widget-tinymce textwidget\">\n\t<h2>VET DU I VILKET SKICK HUSV\u00c4GGARNA \u00c4R?<\/h2>\n<p>Problem\/nackdelar med blindsockelkonstruktion:<\/p>\n<ul>\n<li>Fukt- och m\u00f6gelproblem \u00e4r sv\u00e5ra att uppt\u00e4cka.<\/li>\n<li>Inst\u00e4ngd inomhusluft, t.ex. en jordk\u00e4llarlik eller s\u00f6taktig lukt.<\/li>\n<li>H\u00e4lsoproblem, s\u00e5som st\u00e4ndig snuva, huvudv\u00e4rk, \u00e5terkommande \u00f6roninflammationer, sjukdomar i andningsorganen, utslag.<\/li>\n<li>Murkna och m\u00f6gliga syll\/stomreglar. \u00c4ven t\u00e4ckdikningen och dagvattenavledningen b\u00f6r f\u00f6rnyas f\u00f6r att undvika fler problem.<\/li>\n<\/ul>\n<\/div>\n<\/div><\/div><\/div><div id=\"pgc-w5c613587bd9bf-1-1\"  class=\"panel-grid-cell\" ><div id=\"panel-w5c613587bd9bf-1-1-0\" class=\"so-panel widget widget_sow-image panel-first-child panel-last-child\" data-index=\"8\" ><div\n\t\t\t\n\t\t\tclass=\"so-widget-sow-image so-widget-sow-image-default-e4c2d9f6c920\"\n\t\t\t\n\t\t>\n<div class=\"sow-image-container\">\n\t\t<img \n\tsrc=\"https:\/\/www.valesokkeli.fi\/wp-content\/uploads\/2018\/12\/image-1.jpg\" width=\"533\" height=\"735\" srcset=\"https:\/\/www.valesokkeli.fi\/wp-content\/uploads\/2018\/12\/image-1.jpg 533w, https:\/\/www.valesokkeli.fi\/wp-content\/uploads\/2018\/12\/image-1-218x300.jpg 218w\" sizes=\"(max-width: 533px) 100vw, 533px\" alt=\"\" \t\tclass=\"so-widget-image\"\/>\n\t<\/div>\n\n<\/div><\/div><\/div><\/div><\/div><\/div><\/div><\/div><\/div><\/div><\/div><div id=\"pg-354-2\"  class=\"panel-grid panel-has-style\" ><div class=\"solutions-section-wrapper section-parallax panel-row-style panel-row-style-for-354-2\" ><div id=\"pgc-354-2-0\"  class=\"panel-grid-cell\" ><div id=\"panel-354-2-0-0\" class=\"so-panel widget widget_siteorigin-panels-builder panel-first-child panel-last-child\" data-index=\"2\" ><div class=\"inner panel-widget-style panel-widget-style-for-354-2-0-0\" ><div id=\"pl-w5c613587bda3c\"  class=\"panel-layout\" ><div id=\"pg-w5c613587bda3c-0\"  class=\"panel-grid panel-no-style\" ><div id=\"pgc-w5c613587bda3c-0-0\"  class=\"panel-grid-cell\" ><div id=\"panel-w5c613587bda3c-0-0-0\" class=\"widget_text so-panel widget widget_custom_html panel-first-child panel-last-child\" data-index=\"0\" ><div class=\"textwidget custom-html-widget\"><h2 class=\"section-title\">\n\tEn v\u00e4ggsko som \u00e4r l\u00f6sningen p\u00e5 dina problem!\n<\/h2><\/div><\/div><\/div><\/div><div id=\"pg-w5c613587bda3c-1\"  class=\"panel-grid panel-has-style\" ><div class=\"solutions-panel-wrapper panel-row-style panel-row-style-for-w5c613587bda3c-1\" ><div id=\"pgc-w5c613587bda3c-1-0\"  class=\"panel-grid-cell\" ><div class=\"solutions-panel panel-cell-style panel-cell-style-for-w5c613587bda3c-1-0\" ><div id=\"panel-w5c613587bda3c-1-0-0\" class=\"so-panel widget widget_sow-image panel-first-child\" data-index=\"1\" ><div class=\"solutions-icon panel-widget-style panel-widget-style-for-w5c613587bda3c-1-0-0\" ><div\n\t\t\t\n\t\t\tclass=\"so-widget-sow-image so-widget-sow-image-default-c67d20f9f743\"\n\t\t\t\n\t\t>\n<div class=\"sow-image-container\">\n\t\t<img \n\tsrc=\"https:\/\/www.valesokkeli.fi\/wp-content\/uploads\/2018\/12\/solutions-icon.svg\" width=\"58\" height=\"58\" sizes=\"(max-width: 58px) 100vw, 58px\" alt=\"\" \t\tclass=\"so-widget-image\"\/>\n\t<\/div>\n\n<\/div><\/div><\/div><div id=\"panel-w5c613587bda3c-1-0-1\" class=\"so-panel widget widget_sow-editor panel-last-child\" data-index=\"2\" ><div class=\"solutions-text panel-widget-style panel-widget-style-for-w5c613587bda3c-1-0-1\" ><div\n\t\t\t\n\t\t\tclass=\"so-widget-sow-editor so-widget-sow-editor-base\"\n\t\t\t\n\t\t>\n<div class=\"siteorigin-widget-tinymce textwidget\">\n\t<p>Patenterad produkt.<\/p>\n<p>Tillverkad av rostfritt st\u00e5l. <\/p>\n<p>Justerbar h\u00f6jd. <\/p>\n<p>Blindsockelskon passar f\u00f6r b\u00e5de b\u00e4rande v\u00e4ggar och mellanv\u00e4ggar. Minst 5-6 g\u00e5nger snabbare \u00e4n den gamla metoden. (se tidsj\u00e4mf\u00f6relsen) <\/p>\n<\/div>\n<\/div><\/div><\/div><\/div><\/div><div id=\"pgc-w5c613587bda3c-1-1\"  class=\"panel-grid-cell\" ><div class=\"solutions-panel panel-cell-style panel-cell-style-for-w5c613587bda3c-1-1\" ><div id=\"panel-w5c613587bda3c-1-1-0\" class=\"so-panel widget widget_sow-image panel-first-child\" data-index=\"3\" ><div class=\"solutions-icon panel-widget-style panel-widget-style-for-w5c613587bda3c-1-1-0\" ><div\n\t\t\t\n\t\t\tclass=\"so-widget-sow-image so-widget-sow-image-default-c67d20f9f743\"\n\t\t\t\n\t\t>\n<div class=\"sow-image-container\">\n\t\t<img \n\tsrc=\"https:\/\/www.valesokkeli.fi\/wp-content\/uploads\/2018\/12\/solutions-icon.svg\" width=\"58\" height=\"58\" sizes=\"(max-width: 58px) 100vw, 58px\" alt=\"\" \t\tclass=\"so-widget-image\"\/>\n\t<\/div>\n\n<\/div><\/div><\/div><div id=\"panel-w5c613587bda3c-1-1-1\" class=\"so-panel widget widget_sow-editor panel-last-child\" data-index=\"4\" ><div class=\"solutions-text panel-widget-style panel-widget-style-for-w5c613587bda3c-1-1-1\" ><div\n\t\t\t\n\t\t\tclass=\"so-widget-sow-editor so-widget-sow-editor-base\"\n\t\t\t\n\t\t>\n<div class=\"siteorigin-widget-tinymce textwidget\">\n\t<p>Besparingar i arbetstiden, v\u00e4ggen \u00f6ppnas endast 1 200 mm. <\/p>\n<p>Enkel och snabb att installera. <\/p>\n<p>Innertaket och golvmaterialet f\u00f6rblir hela, inga extra st\u00f6d kr\u00e4vs. <\/p>\n<p>Betongkonstruktioner kan putsas och desinfekteras. <\/p>\n<\/div>\n<\/div><\/div><\/div><\/div><\/div><div id=\"pgc-w5c613587bda3c-1-2\"  class=\"panel-grid-cell\" ><div class=\"solutions-panel panel-cell-style panel-cell-style-for-w5c613587bda3c-1-2\" ><div id=\"panel-w5c613587bda3c-1-2-0\" class=\"so-panel widget widget_sow-image panel-first-child\" data-index=\"5\" ><div class=\"solutions-icon panel-widget-style panel-widget-style-for-w5c613587bda3c-1-2-0\" ><div\n\t\t\t\n\t\t\tclass=\"so-widget-sow-image so-widget-sow-image-default-c67d20f9f743\"\n\t\t\t\n\t\t>\n<div class=\"sow-image-container\">\n\t\t<img \n\tsrc=\"https:\/\/www.valesokkeli.fi\/wp-content\/uploads\/2018\/12\/solutions-icon.svg\" width=\"58\" height=\"58\" sizes=\"(max-width: 58px) 100vw, 58px\" alt=\"\" \t\tclass=\"so-widget-image\"\/>\n\t<\/div>\n\n<\/div><\/div><\/div><div id=\"panel-w5c613587bda3c-1-2-1\" class=\"so-panel widget widget_sow-editor panel-last-child\" data-index=\"6\" ><div class=\"solutions-text panel-widget-style panel-widget-style-for-w5c613587bda3c-1-2-1\" ><div\n\t\t\t\n\t\t\tclass=\"so-widget-sow-editor so-widget-sow-editor-base\"\n\t\t\t\n\t\t>\n<div class=\"siteorigin-widget-tinymce textwidget\">\n\t<p>V\u00e4ggen kan lyftas\/r\u00e4tas ut. <\/p>\n<p>Blindsockelkonstruktionen f\u00f6rsvinner helt.  <\/p>\n<p>Med andra reparationsmetoder f\u00f6rsvinner inte blindsockelkonstruktionen.<\/p>\n<\/div>\n<\/div><\/div><\/div><\/div><\/div><\/div><\/div><\/div><\/div><\/div><\/div><\/div><\/div><\/div>","protected":false},"excerpt":{"rendered":"<p>Den b\u00e4sta v\u00e4ggskon n\u00e5gonsin Den b\u00e4sta produkten f\u00f6r eliminering av felaktig husgrund garanteras KONTAKTA OSS H\u00c4R Produkten \u00e4r tillverkad i rostfritt st\u00e5l Tak och golv f\u00f6rblir en helhet, inget extra st\u00f6d beh\u00f6vs Justerbar h\u00f6jd160 &#8211; 250 mm Bor du i en fastighet fr\u00e5n 1960\u20131990-talet? Utifr\u00e5n ser husgrunden normal ut, men p\u00e5 insidan b\u00f6rjar husets tr\u00e4stomme [&hellip;]<\/p>\n","protected":false},"author":1,"featured_media":0,"parent":0,"menu_order":0,"comment_status":"closed","ping_status":"closed","template":"","meta":{"footnotes":""},"class_list":["post-354","page","type-page","status-publish","hentry"],"_links":{"self":[{"href":"https:\/\/www.valesokkeli.fi\/sv\/wp-json\/wp\/v2\/pages\/354\/"}],"collection":[{"href":"https:\/\/www.valesokkeli.fi\/sv\/wp-json\/wp\/v2\/pages\/"}],"about":[{"href":"https:\/\/www.valesokkeli.fi\/sv\/wp-json\/wp\/v2\/types\/page\/"}],"author":[{"embeddable":true,"href":"https:\/\/www.valesokkeli.fi\/sv\/wp-json\/wp\/v2\/users\/1\/"}],"replies":[{"embeddable":true,"href":"https:\/\/www.valesokkeli.fi\/sv\/wp-json\/wp\/v2\/comments\/?post=354"}],"version-history":[{"count":5,"href":"https:\/\/www.valesokkeli.fi\/sv\/wp-json\/wp\/v2\/pages\/354\/revisions\/"}],"predecessor-version":[{"id":586,"href":"https:\/\/www.valesokkeli.fi\/sv\/wp-json\/wp\/v2\/pages\/354\/revisions\/586\/"}],"wp:attachment":[{"href":"https:\/\/www.valesokkeli.fi\/sv\/wp-json\/wp\/v2\/media\/?parent=354"}],"curies":[{"name":"wp","href":"https:\/\/api.w.org\/{rel}","templated":true}]}}