{"id":328,"date":"2018-12-28T12:53:06","date_gmt":"2018-12-28T10:53:06","guid":{"rendered":"https:\/\/veebidoktor.ee\/valesokkeli\/?page_id=328"},"modified":"2020-01-15T14:11:22","modified_gmt":"2020-01-15T12:11:22","slug":"provbelastning-och-tidsjamforelse","status":"publish","type":"page","link":"https:\/\/www.valesokkeli.fi\/sv\/provbelastning-och-tidsjamforelse\/","title":{"rendered":"Provbelastning och tidsj\u00e4mf\u00f6relse"},"content":{"rendered":"<div id=\"pl-328\"  class=\"panel-layout\" ><div id=\"pg-328-0\"  class=\"panel-grid panel-no-style\" ><div id=\"pgc-328-0-0\"  class=\"panel-grid-cell\" ><div id=\"panel-328-0-0-0\" class=\"so-panel widget widget_siteorigin-panels-builder panel-first-child panel-last-child\" data-index=\"0\" ><div id=\"pl-w5e1f016a3afb0\"  class=\"panel-layout\" ><div id=\"pg-w5e1f016a3afb0-0\"  class=\"panel-grid panel-no-style\" ><div id=\"pgc-w5e1f016a3afb0-0-0\"  class=\"panel-grid-cell\" ><div id=\"panel-w5e1f016a3afb0-0-0-0\" class=\"so-panel widget widget_sow-editor panel-first-child\" data-index=\"0\" ><div\n\t\t\t\n\t\t\tclass=\"so-widget-sow-editor so-widget-sow-editor-base\"\n\t\t\t\n\t\t>\n<div class=\"siteorigin-widget-tinymce textwidget\">\n\t<p style=\"text-align: center;\">Provbelastningen av blindsockelskon utf\u00f6rdes i det byggnadstekniska laboratoriet vid Sein\u00e4joen Ammattikorkeakoulu. Tre prov utf\u00f6rdes.<\/p>\n<p style=\"text-align: center;\">Alla tre proven klarade brottbelastningen p\u00e5 80 kN. Det vill s\u00e4ga en blindsockelsko motst\u00e5r en belastning p\u00e5 80 kN (= 8 157,73 kg).<\/p>\n<p style=\"text-align: center;\">TRANSPORDIX O\u00dc \/ Valesokkelikenk\u00e4 skickar rapporten i pdf-format vid beg\u00e4ran.<\/p>\n<\/div>\n<\/div><\/div><div id=\"panel-w5e1f016a3afb0-0-0-1\" class=\"so-panel widget widget_sow-image\" data-index=\"1\" ><div id=\"time-icon\" class=\"panel-widget-style panel-widget-style-for-w5e1f016a3afb0-0-0-1\" ><div\n\t\t\t\n\t\t\tclass=\"so-widget-sow-image so-widget-sow-image-default-c67d20f9f743\"\n\t\t\t\n\t\t>\n<div class=\"sow-image-container\">\n\t\t<img \n\tsrc=\"https:\/\/www.valesokkeli.fi\/wp-content\/uploads\/2018\/12\/time-icon.svg\" width=\"61\" height=\"65\" sizes=\"(max-width: 61px) 100vw, 61px\" alt=\"\" \t\tclass=\"so-widget-image\"\/>\n\t<\/div>\n\n<\/div><\/div><\/div><div id=\"panel-w5e1f016a3afb0-0-0-2\" class=\"widget_text so-panel widget widget_custom_html\" data-index=\"2\" ><div class=\"textwidget custom-html-widget\"><h5 class=\"dark-title\">\n\tExempelobjekt: 12,5 m x 12,5 m = 156 m2 villa.\n<\/h5><\/div><\/div><div id=\"panel-w5e1f016a3afb0-0-0-3\" class=\"so-panel widget widget_siteorigin-panels-builder\" data-index=\"3\" ><div id=\"pl-w5c260092953dd\"  class=\"panel-layout\" ><div id=\"pg-w5c260092953dd-0\"  class=\"panel-grid panel-no-style\" ><div id=\"pgc-w5c260092953dd-0-0\"  class=\"panel-grid-cell\" ><div class=\"test-panel-wrapper panel-cell-style panel-cell-style-for-w5c260092953dd-0-0\" ><div id=\"panel-w5c260092953dd-0-0-0\" class=\"so-panel widget widget_sow-editor panel-first-child panel-last-child\" data-index=\"0\" ><div class=\"test-panel panel-widget-style panel-widget-style-for-w5c260092953dd-0-0-0\" ><div\n\t\t\t\n\t\t\tclass=\"so-widget-sow-editor so-widget-sow-editor-base\"\n\t\t\t\n\t\t>\n<div class=\"siteorigin-widget-tinymce textwidget\">\n\t<p style=\"text-align: center;\">Samma utg\u00e5ngspunkt, reparationen g\u00f6rs fr\u00e5n insidan.<\/p>\n<\/div>\n<\/div><\/div><\/div><\/div><\/div><div id=\"pgc-w5c260092953dd-0-1\"  class=\"panel-grid-cell\" ><div class=\"test-panel-wrapper panel-cell-style panel-cell-style-for-w5c260092953dd-0-1\" ><div id=\"panel-w5c260092953dd-0-1-0\" class=\"so-panel widget widget_sow-editor panel-first-child panel-last-child\" data-index=\"1\" ><div class=\"test-panel panel-widget-style panel-widget-style-for-w5c260092953dd-0-1-0\" ><div\n\t\t\t\n\t\t\tclass=\"so-widget-sow-editor so-widget-sow-editor-base\"\n\t\t\t\n\t\t>\n<div class=\"siteorigin-widget-tinymce textwidget\">\n\t<p style=\"text-align: center;\">Fr\u00e5n v\u00e4ggarna har man rivit: v\u00e4ggplattor, \u00e5ngsp\u00e4rrar och ull.<\/p>\n<\/div>\n<\/div><\/div><\/div><\/div><\/div><div id=\"pgc-w5c260092953dd-0-2\"  class=\"panel-grid-cell\" ><div class=\"test-panel-wrapper panel-cell-style panel-cell-style-for-w5c260092953dd-0-2\" ><div id=\"panel-w5c260092953dd-0-2-0\" class=\"so-panel widget widget_sow-editor panel-first-child panel-last-child\" data-index=\"2\" ><div class=\"test-panel panel-widget-style panel-widget-style-for-w5c260092953dd-0-2-0\" ><div\n\t\t\t\n\t\t\tclass=\"so-widget-sow-editor so-widget-sow-editor-base\"\n\t\t\t\n\t\t>\n<div class=\"siteorigin-widget-tinymce textwidget\">\n\t<p style=\"text-align: center;\">Endast stommen repareras.<\/p>\n<\/div>\n<\/div><\/div><\/div><\/div><\/div><\/div><\/div><\/div><div id=\"panel-w5e1f016a3afb0-0-0-4\" class=\"so-panel widget widget_siteorigin-panels-builder panel-last-child\" data-index=\"4\" ><div class=\"results-panel-wrapper panel-widget-style panel-widget-style-for-w5e1f016a3afb0-0-0-4\" ><div id=\"pl-w5c260092956d1\"  class=\"panel-layout\" ><div id=\"pg-w5c260092956d1-0\"  class=\"panel-grid panel-no-style\" ><div id=\"pgc-w5c260092956d1-0-0\"  class=\"panel-grid-cell\" ><div id=\"panel-w5c260092956d1-0-0-0\" class=\"widget_text so-panel widget widget_custom_html panel-first-child panel-last-child\" data-index=\"0\" ><div class=\"textwidget custom-html-widget\"><h2 class=\"centered-title\">\n\tTulemused:\n<\/h2><\/div><\/div><\/div><\/div><div id=\"pg-w5c260092956d1-1\"  class=\"panel-grid panel-no-style\" ><div id=\"pgc-w5c260092956d1-1-0\"  class=\"panel-grid-cell\" ><div class=\"results-panel panel-cell-style panel-cell-style-for-w5c260092956d1-1-0\" ><div id=\"panel-w5c260092956d1-1-0-0\" class=\"so-panel widget widget_sow-editor panel-first-child panel-last-child\" data-index=\"1\" ><div\n\t\t\t\n\t\t\tclass=\"so-widget-sow-editor so-widget-sow-editor-base\"\n\t\t\t\n\t\t>\n<div class=\"siteorigin-widget-tinymce textwidget\">\n\t<h5>Reparation med murblock<\/h5>\n<p>Takst\u00f6d = <strong>1 dag.<\/strong><\/p>\n<p>100 st. murblock, inpassning och murning. Montering av syll, inpassning och kilning av vertikala reglar = <strong>23 dagar.<\/strong><\/p>\n<p>Reparationen med murblock har tagit: <strong>24 dagar.<\/strong><\/p>\n<p>I arbetstiden har ingen h\u00e4nsyn tagits till reparationen av innertaket och golvet.<\/p>\n<\/div>\n<\/div><\/div><\/div><\/div><div id=\"pgc-w5c260092956d1-1-1\"  class=\"panel-grid-cell\" ><div class=\"results-panel panel-cell-style panel-cell-style-for-w5c260092956d1-1-1\" ><div id=\"panel-w5c260092956d1-1-1-0\" class=\"so-panel widget widget_sow-editor panel-first-child panel-last-child\" data-index=\"2\" ><div\n\t\t\t\n\t\t\tclass=\"so-widget-sow-editor so-widget-sow-editor-base\"\n\t\t\t\n\t\t>\n<div class=\"siteorigin-widget-tinymce textwidget\">\n\t<h5>Reparation med blindsockelsko<\/h5>\n<p>Arbetet klart = <span style=\"color: #ff0000;\"><strong style=\"color: inherit;\">4 dagar.<\/strong><\/span><\/p>\n<p>Reparationen av stommen \u00e4r allts\u00e5 5-6 g\u00e5nger snabbare j\u00e4mf\u00f6rt med reparation med murblock i exempelobjektet.<\/p>\n<\/div>\n<\/div><\/div><\/div><\/div><\/div><\/div><\/div><\/div><\/div><\/div><\/div><\/div><\/div><\/div><\/div>","protected":false},"excerpt":{"rendered":"<p>Provbelastningen av blindsockelskon utf\u00f6rdes i det byggnadstekniska laboratoriet vid Sein\u00e4joen Ammattikorkeakoulu. Tre prov utf\u00f6rdes. Alla tre proven klarade brottbelastningen p\u00e5 80 kN. Det vill s\u00e4ga en blindsockelsko motst\u00e5r en belastning p\u00e5 80 kN (= 8 157,73 kg). TRANSPORDIX O\u00dc \/ Valesokkelikenk\u00e4 skickar rapporten i pdf-format vid beg\u00e4ran. Exempelobjekt: 12,5 m x 12,5 m = 156 [&hellip;]<\/p>\n","protected":false},"author":1,"featured_media":0,"parent":0,"menu_order":0,"comment_status":"closed","ping_status":"closed","template":"","meta":{"footnotes":""},"class_list":["post-328","page","type-page","status-publish","hentry"],"_links":{"self":[{"href":"https:\/\/www.valesokkeli.fi\/sv\/wp-json\/wp\/v2\/pages\/328\/"}],"collection":[{"href":"https:\/\/www.valesokkeli.fi\/sv\/wp-json\/wp\/v2\/pages\/"}],"about":[{"href":"https:\/\/www.valesokkeli.fi\/sv\/wp-json\/wp\/v2\/types\/page\/"}],"author":[{"embeddable":true,"href":"https:\/\/www.valesokkeli.fi\/sv\/wp-json\/wp\/v2\/users\/1\/"}],"replies":[{"embeddable":true,"href":"https:\/\/www.valesokkeli.fi\/sv\/wp-json\/wp\/v2\/comments\/?post=328"}],"version-history":[{"count":5,"href":"https:\/\/www.valesokkeli.fi\/sv\/wp-json\/wp\/v2\/pages\/328\/revisions\/"}],"predecessor-version":[{"id":610,"href":"https:\/\/www.valesokkeli.fi\/sv\/wp-json\/wp\/v2\/pages\/328\/revisions\/610\/"}],"wp:attachment":[{"href":"https:\/\/www.valesokkeli.fi\/sv\/wp-json\/wp\/v2\/media\/?parent=328"}],"curies":[{"name":"wp","href":"https:\/\/api.w.org\/{rel}","templated":true}]}}