{"id":7,"date":"2018-12-18T09:56:19","date_gmt":"2018-12-18T09:56:19","guid":{"rendered":"https:\/\/veebidoktor.ee\/valesokkeli\/?page_id=7"},"modified":"2019-02-12T09:25:35","modified_gmt":"2019-02-12T07:25:35","slug":"esileht","status":"publish","type":"page","link":"https:\/\/www.valesokkeli.fi\/et\/","title":{"rendered":"Esileht"},"content":{"rendered":"<div id=\"pl-7\"  class=\"panel-layout\" ><div id=\"pg-7-0\"  class=\"panel-grid panel-has-style\" ><div class=\"hero-slider-wrapper panel-row-style panel-row-style-for-7-0\" ><div id=\"pgc-7-0-0\"  class=\"panel-grid-cell\" ><div id=\"panel-7-0-0-0\" class=\"so-panel widget widget_siteorigin-panels-builder panel-first-child panel-last-child\" data-index=\"0\" ><div id=\"pl-w5c6274eff0a49\"  class=\"panel-layout\" ><div id=\"pg-w5c6274eff0a49-0\"  class=\"panel-grid panel-has-style\" ><div class=\"inner panel-row-style panel-row-style-for-w5c6274eff0a49-0\" ><div id=\"pgc-w5c6274eff0a49-0-0\"  class=\"panel-grid-cell\" ><div id=\"panel-w5c6274eff0a49-0-0-0\" class=\"widget_text so-panel widget widget_custom_html panel-first-child panel-last-child\" data-index=\"0\" ><div class=\"textwidget custom-html-widget\"><h1 class=\"hero-title\">\n\tVaieldamatult parim<br>\n\tseina talaking\n<\/h1>\n<span class=\"hero-sub-title\">\nGaranteeritult parim toode<br>\nvalesoklikonstruktsiooni eemaldamiseks\n<\/span>\n<div class=\"hero-btns-wrapper\">\n\t<a href=\"https:\/\/veebidoktor.ee\/valesokkeli\/kontakt\/\" class=\"btn normal\">V\u00f5ta \u00fchendust siit<\/a>\t\n<\/div><\/div><\/div><\/div><\/div><\/div><\/div><\/div><\/div><\/div><\/div><div id=\"pg-7-1\"  class=\"panel-grid panel-has-style\" ><div class=\"panel-row-style panel-row-style-for-7-1\" ><div id=\"pgc-7-1-0\"  class=\"panel-grid-cell\" ><div id=\"panel-7-1-0-0\" class=\"so-panel widget widget_siteorigin-panels-builder panel-first-child panel-last-child\" data-index=\"1\" ><div class=\"inner panel-widget-style panel-widget-style-for-7-1-0-0\" ><div id=\"pl-w5c1a49df6f179\"  class=\"panel-layout\" ><div id=\"pg-w5c1a49df6f179-0\"  class=\"panel-grid panel-no-style\" ><div id=\"pgc-w5c1a49df6f179-0-0\"  class=\"panel-grid-cell\" ><div class=\"bordered-box-wrapper panel-cell-style panel-cell-style-for-w5c1a49df6f179-0-0\" ><div id=\"panel-w5c1a49df6f179-0-0-0\" class=\"so-panel widget widget_sow-image panel-first-child\" data-index=\"0\" ><div class=\"bordered-box-image panel-widget-style panel-widget-style-for-w5c1a49df6f179-0-0-0\" ><div\n\t\t\t\n\t\t\tclass=\"so-widget-sow-image so-widget-sow-image-default-c67d20f9f743\"\n\t\t\t\n\t\t>\n<div class=\"sow-image-container\">\n\t\t<img \n\tsrc=\"https:\/\/www.valesokkeli.fi\/wp-content\/uploads\/2018\/12\/shape-1.svg\" width=\"48\" height=\"48\" sizes=\"(max-width: 48px) 100vw, 48px\" alt=\"\" \t\tclass=\"so-widget-image\"\/>\n\t<\/div>\n\n<\/div><\/div><\/div><div id=\"panel-w5c1a49df6f179-0-0-1\" class=\"widget_text so-panel widget widget_custom_html panel-last-child\" data-index=\"1\" ><div class=\"textwidget custom-html-widget\"><h4 class=\"bordered-box-title\">\n\tToode on valmistatud roostevabast terasest\n<\/h4><\/div><\/div><\/div><\/div><div id=\"pgc-w5c1a49df6f179-0-1\"  class=\"panel-grid-cell\" ><div class=\"bordered-box-wrapper panel-cell-style panel-cell-style-for-w5c1a49df6f179-0-1\" ><div id=\"panel-w5c1a49df6f179-0-1-0\" class=\"so-panel widget widget_sow-image panel-first-child\" data-index=\"2\" ><div class=\"bordered-box-image panel-widget-style panel-widget-style-for-w5c1a49df6f179-0-1-0\" ><div\n\t\t\t\n\t\t\tclass=\"so-widget-sow-image so-widget-sow-image-default-c67d20f9f743\"\n\t\t\t\n\t\t>\n<div class=\"sow-image-container\">\n\t\t<img \n\tsrc=\"https:\/\/www.valesokkeli.fi\/wp-content\/uploads\/2018\/12\/shape-2.svg\" width=\"48\" height=\"51\" sizes=\"(max-width: 48px) 100vw, 48px\" alt=\"\" \t\tclass=\"so-widget-image\"\/>\n\t<\/div>\n\n<\/div><\/div><\/div><div id=\"panel-w5c1a49df6f179-0-1-1\" class=\"widget_text so-panel widget widget_custom_html panel-last-child\" data-index=\"3\" ><div class=\"textwidget custom-html-widget\"><h4 class=\"bordered-box-title\">\n\tLagi ja p\u00f5rand j\u00e4\u00e4vad terveks, lisatoestust pole vaja\n<\/h4><\/div><\/div><\/div><\/div><div id=\"pgc-w5c1a49df6f179-0-2\"  class=\"panel-grid-cell\" ><div class=\"bordered-box-wrapper panel-cell-style panel-cell-style-for-w5c1a49df6f179-0-2\" ><div id=\"panel-w5c1a49df6f179-0-2-0\" class=\"so-panel widget widget_sow-image panel-first-child\" data-index=\"4\" ><div class=\"bordered-box-image panel-widget-style panel-widget-style-for-w5c1a49df6f179-0-2-0\" ><div\n\t\t\t\n\t\t\tclass=\"so-widget-sow-image so-widget-sow-image-default-c67d20f9f743\"\n\t\t\t\n\t\t>\n<div class=\"sow-image-container\">\n\t\t<img \n\tsrc=\"https:\/\/www.valesokkeli.fi\/wp-content\/uploads\/2018\/12\/shape-3.svg\" width=\"28\" height=\"48\" sizes=\"(max-width: 28px) 100vw, 28px\" alt=\"\" \t\tclass=\"so-widget-image\"\/>\n\t<\/div>\n\n<\/div><\/div><\/div><div id=\"panel-w5c1a49df6f179-0-2-1\" class=\"widget_text so-panel widget widget_custom_html panel-last-child\" data-index=\"5\" ><div class=\"textwidget custom-html-widget\"><h4 class=\"bordered-box-title\">\n\tReguleeritav k\u00f5rgus<br>\n\t160 - 250mm\n<\/h4><\/div><\/div><\/div><\/div><\/div><div id=\"pg-w5c1a49df6f179-1\"  class=\"panel-grid panel-has-style\" ><div class=\"questions-section-wrapper panel-row-style panel-row-style-for-w5c1a49df6f179-1\" ><div id=\"pgc-w5c1a49df6f179-1-0\"  class=\"panel-grid-cell\" ><div id=\"panel-w5c1a49df6f179-1-0-0\" class=\"so-panel widget widget_sow-editor panel-first-child\" data-index=\"6\" ><div\n\t\t\t\n\t\t\tclass=\"so-widget-sow-editor so-widget-sow-editor-base\"\n\t\t\t\n\t\t>\n<div class=\"siteorigin-widget-tinymce textwidget\">\n\t<h2>Kas elate 1960-1990-ndatel aastatel ehitatud majas?<\/h2>\n<p>V\u00e4ljastpoolt n\u00e4eb see v\u00e4lja nagu tavaline vundament, ent seestpoolt algab hoone puitkarkass maapinna tasandilt v\u00f5i sellest madalamalt. Nn valesoklit on majaehituses kasutatud 1960-ndatest kuni 1990. aastate keskpaigani. T\u00fc\u00fcpiline selline ehitis: telliskivivooder, lauge viilkatus v\u00f5i lamekatus, olematu maapinna ja siseruumide p\u00f5randa k\u00f5rguste vahe. Seda ka plokkvundamendiga 1980.\u20131990. ehitatud majade puhul.<\/p>\n<\/div>\n<\/div><\/div><div id=\"panel-w5c1a49df6f179-1-0-1\" class=\"so-panel widget widget_sow-editor panel-last-child\" data-index=\"7\" ><div\n\t\t\t\n\t\t\tclass=\"so-widget-sow-editor so-widget-sow-editor-base\"\n\t\t\t\n\t\t>\n<div class=\"siteorigin-widget-tinymce textwidget\">\n\t<h2>Kas teate, millises seisukorras on teie maja seinad?<\/h2>\n<p>Valesoklikonstruktsiooni p\u00f5hjustatud probleemid ja muud puudused:<\/p>\n<ul>\n<li>Niiskus- ja hallitusprobleeme on raske m\u00e4rgata.<\/li>\n<li>Ruumides l\u00e4ppunud \u00f5hk, l\u00f5hn n\u00e4iteks nagu maakeldris v\u00f5i imal.<\/li>\n<li>Terviseprobleemid, nt pidev nohu, peavalud, Alatasa k\u00f5rvap\u00f5letik, hingamisteede haigused, l\u00f6\u00f6bed.<\/li>\n<li>Alumised juhtplangud\/karkassitalad on pehkinud ja hallitanud. Drenaa\u017e ja sademeveekanalisatsioon tuleks samuti renoveerida, et rohkem probleeme ei tekiks.<\/li>\n<\/ul>\n<\/div>\n<\/div><\/div><\/div><div id=\"pgc-w5c1a49df6f179-1-1\"  class=\"panel-grid-cell\" ><div id=\"panel-w5c1a49df6f179-1-1-0\" class=\"so-panel widget widget_sow-image panel-first-child panel-last-child\" data-index=\"8\" ><div\n\t\t\t\n\t\t\tclass=\"so-widget-sow-image so-widget-sow-image-default-e4c2d9f6c920\"\n\t\t\t\n\t\t>\n<div class=\"sow-image-container\">\n\t\t<img \n\tsrc=\"https:\/\/www.valesokkeli.fi\/wp-content\/uploads\/2018\/12\/image-1.jpg\" width=\"533\" height=\"735\" srcset=\"https:\/\/www.valesokkeli.fi\/wp-content\/uploads\/2018\/12\/image-1.jpg 533w, https:\/\/www.valesokkeli.fi\/wp-content\/uploads\/2018\/12\/image-1-218x300.jpg 218w\" sizes=\"(max-width: 533px) 100vw, 533px\" alt=\"\" \t\tclass=\"so-widget-image\"\/>\n\t<\/div>\n\n<\/div><\/div><\/div><\/div><\/div><\/div><\/div><\/div><\/div><\/div><\/div><div id=\"pg-7-2\"  class=\"panel-grid panel-has-style\" ><div class=\"solutions-section-wrapper section-parallax panel-row-style panel-row-style-for-7-2\" ><div id=\"pgc-7-2-0\"  class=\"panel-grid-cell\" ><div id=\"panel-7-2-0-0\" class=\"so-panel widget widget_siteorigin-panels-builder panel-first-child panel-last-child\" data-index=\"2\" ><div class=\"inner panel-widget-style panel-widget-style-for-7-2-0-0\" ><div id=\"pl-w5c24aba38019a\"  class=\"panel-layout\" ><div id=\"pg-w5c24aba38019a-0\"  class=\"panel-grid panel-no-style\" ><div id=\"pgc-w5c24aba38019a-0-0\"  class=\"panel-grid-cell\" ><div id=\"panel-w5c24aba38019a-0-0-0\" class=\"widget_text so-panel widget widget_custom_html panel-first-child panel-last-child\" data-index=\"0\" ><div class=\"textwidget custom-html-widget\"><h2 class=\"section-title\">\n\tSeina talaking on lahendus Teie probleemidele!\n<\/h2><\/div><\/div><\/div><\/div><div id=\"pg-w5c24aba38019a-1\"  class=\"panel-grid panel-has-style\" ><div class=\"solutions-panel-wrapper panel-row-style panel-row-style-for-w5c24aba38019a-1\" ><div id=\"pgc-w5c24aba38019a-1-0\"  class=\"panel-grid-cell\" ><div class=\"solutions-panel panel-cell-style panel-cell-style-for-w5c24aba38019a-1-0\" ><div id=\"panel-w5c24aba38019a-1-0-0\" class=\"so-panel widget widget_sow-image panel-first-child\" data-index=\"1\" ><div class=\"solutions-icon panel-widget-style panel-widget-style-for-w5c24aba38019a-1-0-0\" ><div\n\t\t\t\n\t\t\tclass=\"so-widget-sow-image so-widget-sow-image-default-c67d20f9f743\"\n\t\t\t\n\t\t>\n<div class=\"sow-image-container\">\n\t\t<img \n\tsrc=\"https:\/\/www.valesokkeli.fi\/wp-content\/uploads\/2018\/12\/solutions-icon.svg\" width=\"58\" height=\"58\" sizes=\"(max-width: 58px) 100vw, 58px\" alt=\"\" \t\tclass=\"so-widget-image\"\/>\n\t<\/div>\n\n<\/div><\/div><\/div><div id=\"panel-w5c24aba38019a-1-0-1\" class=\"so-panel widget widget_sow-editor panel-last-child\" data-index=\"2\" ><div class=\"solutions-text panel-widget-style panel-widget-style-for-w5c24aba38019a-1-0-1\" ><div\n\t\t\t\n\t\t\tclass=\"so-widget-sow-editor so-widget-sow-editor-base\"\n\t\t\t\n\t\t>\n<div class=\"siteorigin-widget-tinymce textwidget\">\n\t<p>Patenteeritud Soome toode.<\/p>\n<p>Valmistatakse roostevabast terasest.<\/p>\n<p>Reguleeritava k\u00f5rgusega.<\/p>\n<p>Seina talaking saab kandvatesse ja vaheseintesse paigaldada v\u00e4hemalt 5-6 korda kiiremini kui vana meetodiga (vt ajav\u00f5rdlust).<\/p>\n<\/div>\n<\/div><\/div><\/div><\/div><\/div><div id=\"pgc-w5c24aba38019a-1-1\"  class=\"panel-grid-cell\" ><div class=\"solutions-panel panel-cell-style panel-cell-style-for-w5c24aba38019a-1-1\" ><div id=\"panel-w5c24aba38019a-1-1-0\" class=\"so-panel widget widget_sow-image panel-first-child\" data-index=\"3\" ><div class=\"solutions-icon panel-widget-style panel-widget-style-for-w5c24aba38019a-1-1-0\" ><div\n\t\t\t\n\t\t\tclass=\"so-widget-sow-image so-widget-sow-image-default-c67d20f9f743\"\n\t\t\t\n\t\t>\n<div class=\"sow-image-container\">\n\t\t<img \n\tsrc=\"https:\/\/www.valesokkeli.fi\/wp-content\/uploads\/2018\/12\/solutions-icon.svg\" width=\"58\" height=\"58\" sizes=\"(max-width: 58px) 100vw, 58px\" alt=\"\" \t\tclass=\"so-widget-image\"\/>\n\t<\/div>\n\n<\/div><\/div><\/div><div id=\"panel-w5c24aba38019a-1-1-1\" class=\"so-panel widget widget_sow-editor panel-last-child\" data-index=\"4\" ><div class=\"solutions-text panel-widget-style panel-widget-style-for-w5c24aba38019a-1-1-1\" ><div\n\t\t\t\n\t\t\tclass=\"so-widget-sow-editor so-widget-sow-editor-base\"\n\t\t\t\n\t\t>\n<div class=\"siteorigin-widget-tinymce textwidget\">\n\t<p>Hoiab kokku t\u00f6\u00f6aega \u2013 seina tuleb lahti v\u00f5tta vaid 1200 mm v\u00f5rra.<\/p>\n<p>Kiire ja lihtne paigaldamine.<\/p>\n<p>Lagi ja p\u00f5rand j\u00e4\u00e4vad terveks, lisatoestust pole vaja.<\/p>\n<p>Betoonkonstruktsioone saab puhastada ja desinfitseerida.<\/p>\n<\/div>\n<\/div><\/div><\/div><\/div><\/div><div id=\"pgc-w5c24aba38019a-1-2\"  class=\"panel-grid-cell\" ><div class=\"solutions-panel panel-cell-style panel-cell-style-for-w5c24aba38019a-1-2\" ><div id=\"panel-w5c24aba38019a-1-2-0\" class=\"so-panel widget widget_sow-image panel-first-child\" data-index=\"5\" ><div class=\"solutions-icon panel-widget-style panel-widget-style-for-w5c24aba38019a-1-2-0\" ><div\n\t\t\t\n\t\t\tclass=\"so-widget-sow-image so-widget-sow-image-default-c67d20f9f743\"\n\t\t\t\n\t\t>\n<div class=\"sow-image-container\">\n\t\t<img \n\tsrc=\"https:\/\/www.valesokkeli.fi\/wp-content\/uploads\/2018\/12\/solutions-icon.svg\" width=\"58\" height=\"58\" sizes=\"(max-width: 58px) 100vw, 58px\" alt=\"\" \t\tclass=\"so-widget-image\"\/>\n\t<\/div>\n\n<\/div><\/div><\/div><div id=\"panel-w5c24aba38019a-1-2-1\" class=\"so-panel widget widget_sow-editor panel-last-child\" data-index=\"6\" ><div class=\"solutions-text panel-widget-style panel-widget-style-for-w5c24aba38019a-1-2-1\" ><div\n\t\t\t\n\t\t\tclass=\"so-widget-sow-editor so-widget-sow-editor-base\"\n\t\t\t\n\t\t>\n<div class=\"siteorigin-widget-tinymce textwidget\">\n\t<p>Seina saab t\u00f5sta\/sirgestada.<\/p>\n<p>Valesoklikonstruktsioon saab t\u00e4ielikult eemaldatud.<\/p>\n<p>Teiste remondimeetoditega valesoklikonstruktsiooni EEMALDADA EI SAA.<\/p>\n<\/div>\n<\/div><\/div><\/div><\/div><\/div><\/div><\/div><\/div><\/div><\/div><\/div><\/div><\/div><\/div>","protected":false},"excerpt":{"rendered":"<p>Vaieldamatult parim seina talaking Garanteeritult parim toode valesoklikonstruktsiooni eemaldamiseks V\u00f5ta \u00fchendust siit Toode on valmistatud roostevabast terasest Lagi ja p\u00f5rand j\u00e4\u00e4vad terveks, lisatoestust pole vaja Reguleeritav k\u00f5rgus 160 &#8211; 250mm Kas elate 1960-1990-ndatel aastatel ehitatud majas? V\u00e4ljastpoolt n\u00e4eb see v\u00e4lja nagu tavaline vundament, ent seestpoolt algab hoone puitkarkass maapinna tasandilt v\u00f5i sellest madalamalt. Nn valesoklit [&hellip;]<\/p>\n","protected":false},"author":1,"featured_media":0,"parent":0,"menu_order":0,"comment_status":"closed","ping_status":"closed","template":"","meta":{"footnotes":""},"class_list":["post-7","page","type-page","status-publish","hentry"],"_links":{"self":[{"href":"https:\/\/www.valesokkeli.fi\/et\/wp-json\/wp\/v2\/pages\/7\/"}],"collection":[{"href":"https:\/\/www.valesokkeli.fi\/et\/wp-json\/wp\/v2\/pages\/"}],"about":[{"href":"https:\/\/www.valesokkeli.fi\/et\/wp-json\/wp\/v2\/types\/page\/"}],"author":[{"embeddable":true,"href":"https:\/\/www.valesokkeli.fi\/et\/wp-json\/wp\/v2\/users\/1\/"}],"replies":[{"embeddable":true,"href":"https:\/\/www.valesokkeli.fi\/et\/wp-json\/wp\/v2\/comments\/?post=7"}],"version-history":[{"count":5,"href":"https:\/\/www.valesokkeli.fi\/et\/wp-json\/wp\/v2\/pages\/7\/revisions\/"}],"predecessor-version":[{"id":502,"href":"https:\/\/www.valesokkeli.fi\/et\/wp-json\/wp\/v2\/pages\/7\/revisions\/502\/"}],"wp:attachment":[{"href":"https:\/\/www.valesokkeli.fi\/et\/wp-json\/wp\/v2\/media\/?parent=7"}],"curies":[{"name":"wp","href":"https:\/\/api.w.org\/{rel}","templated":true}]}}