{"id":132,"date":"2018-12-21T14:38:26","date_gmt":"2018-12-21T12:38:26","guid":{"rendered":"https:\/\/veebidoktor.ee\/valesokkeli\/?page_id=132"},"modified":"2026-02-25T11:48:44","modified_gmt":"2026-02-25T09:48:44","slug":"kontakt","status":"publish","type":"page","link":"https:\/\/www.valesokkeli.fi\/et\/kontakt\/","title":{"rendered":"Kontakt"},"content":{"rendered":"<div id=\"pl-132\"  class=\"panel-layout\" ><div id=\"pg-132-0\"  class=\"panel-grid panel-no-style\" ><div id=\"pgc-132-0-0\"  class=\"panel-grid-cell\" ><div id=\"panel-132-0-0-0\" class=\"widget_text so-panel widget widget_custom_html panel-first-child\" data-index=\"0\" ><div class=\"textwidget custom-html-widget\"><h2 style=\"margin-bottom: 10px;\">\n\tKontaktandmed:\n<\/h2><\/div><\/div><div id=\"panel-132-0-0-1\" class=\"so-panel widget widget_sow-editor\" data-index=\"1\" ><div\n\t\t\t\n\t\t\tclass=\"so-widget-sow-editor so-widget-sow-editor-base\"\n\t\t\t\n\t\t>\n<div class=\"siteorigin-widget-tinymce textwidget\">\n\t<p>V\u00f5tke meiega \u00fchendust lisatud vormil v\u00f5i<\/p>\n<p><strong>Asjatundja ( ark. 8.00 - 16.00 ):<\/strong> +358 40 0854046<\/p>\n<\/div>\n<\/div><\/div><div id=\"panel-132-0-0-2\" class=\"widget_text so-panel widget widget_custom_html\" data-index=\"2\" ><div class=\"textwidget custom-html-widget\"><h5 style=\"margin-bottom: 0;\">\n\tHunting O\u00dc \/ Valesokkelikenk\u00e4\n<\/h5><\/div><\/div><div id=\"panel-132-0-0-3\" class=\"so-panel widget widget_sow-editor panel-last-child\" data-index=\"3\" ><div\n\t\t\t\n\t\t\tclass=\"so-widget-sow-editor so-widget-sow-editor-base\"\n\t\t\t\n\t\t>\n<div class=\"siteorigin-widget-tinymce textwidget\">\n\t<p><strong>Helistades ( E - R 08:00 - 17:00 ):<\/strong> +372 6501808<br \/>\n<strong>Tellimused:<\/strong> +358 400 854046<\/p>\n<\/div>\n<\/div><\/div><\/div><div id=\"pgc-132-0-1\"  class=\"panel-grid-cell\" ><div id=\"panel-132-0-1-0\" class=\"so-panel widget widget_sow-editor panel-first-child panel-last-child\" data-index=\"4\" ><div\n\t\t\t\n\t\t\tclass=\"so-widget-sow-editor so-widget-sow-editor-base\"\n\t\t\t\n\t\t>\n<div class=\"siteorigin-widget-tinymce textwidget\">\n\t\n<div class=\"wpcf7 no-js\" id=\"wpcf7-f234-o1\" lang=\"et\" dir=\"ltr\">\n<div class=\"screen-reader-response\"><p role=\"status\" aria-live=\"polite\" aria-atomic=\"true\"><\/p> <ul><\/ul><\/div>\n<form action=\"\/et\/wp-json\/wp\/v2\/pages\/132\/#wpcf7-f234-o1\" method=\"post\" class=\"wpcf7-form init\" aria-label=\"Contact form\" novalidate=\"novalidate\" data-status=\"init\">\n<div style=\"display: none;\">\n<input type=\"hidden\" name=\"_wpcf7\" value=\"234\" \/>\n<input type=\"hidden\" name=\"_wpcf7_version\" value=\"5.9.7\" \/>\n<input type=\"hidden\" name=\"_wpcf7_locale\" value=\"et\" \/>\n<input type=\"hidden\" name=\"_wpcf7_unit_tag\" value=\"wpcf7-f234-o1\" \/>\n<input type=\"hidden\" name=\"_wpcf7_container_post\" value=\"0\" \/>\n<input type=\"hidden\" name=\"_wpcf7_posted_data_hash\" value=\"\" \/>\n<input type=\"hidden\" name=\"_wpcf7_recaptcha_response\" value=\"\" \/>\n<\/div>\n<div class=\"cf7-row-wrapper\">\n<div class=\"cf7-row\">\n<span class=\"wpcf7-form-control-wrap\" data-name=\"nimi\"><input size=\"40\" maxlength=\"400\" class=\"wpcf7-form-control wpcf7-text\" aria-invalid=\"false\" placeholder=\"Teie nimi\" value=\"\" type=\"text\" name=\"nimi\" \/><\/span>\n<span class=\"wpcf7-form-control-wrap\" data-name=\"epost\"><input size=\"40\" maxlength=\"400\" class=\"wpcf7-form-control wpcf7-email wpcf7-validates-as-required wpcf7-text wpcf7-validates-as-email\" aria-required=\"true\" aria-invalid=\"false\" placeholder=\"Teie e-post\" value=\"\" type=\"email\" name=\"epost\" \/><\/span>\n<\/div>\n<div class=\"cf7-row\">\n<span class=\"wpcf7-form-control-wrap\" data-name=\"telefon\"><input size=\"40\" maxlength=\"400\" class=\"wpcf7-form-control wpcf7-tel wpcf7-text wpcf7-validates-as-tel\" aria-invalid=\"false\" placeholder=\"Telefon\" value=\"\" type=\"tel\" name=\"telefon\" \/><\/span>\n<span class=\"wpcf7-form-control-wrap\" data-name=\"teema\"><input size=\"40\" maxlength=\"400\" class=\"wpcf7-form-control wpcf7-text\" aria-invalid=\"false\" placeholder=\"Kirja teema\" value=\"\" type=\"text\" name=\"teema\" \/><\/span>\n<\/div>\n<div class=\"cf7-row textarea\">\n<span class=\"wpcf7-form-control-wrap\" data-name=\"kirjasisu\"><textarea cols=\"40\" rows=\"10\" maxlength=\"2000\" class=\"wpcf7-form-control wpcf7-textarea wpcf7-validates-as-required\" aria-required=\"true\" aria-invalid=\"false\" placeholder=\"Kirja sisu\" name=\"kirjasisu\"><\/textarea><\/span>\n<\/div>\n<div class=\"cf7-row\">\n<input class=\"wpcf7-form-control wpcf7-submit has-spinner cf7-btn\" type=\"submit\" value=\"Saada kiri\" \/>\n<\/div>\n<\/div><div class=\"wpcf7-response-output\" aria-hidden=\"true\"><\/div>\n<\/form>\n<\/div>\n\n<\/div>\n<\/div><\/div><\/div><\/div><\/div>","protected":false},"excerpt":{"rendered":"<p>V\u00f5tke meiega \u00fchendust lisatud vormil v\u00f5i Asjatundja ( ark. 8.00 &#8211; 16.00 ): +358 40 0854046 Helistades ( E &#8211; R 08:00 &#8211; 17:00 ): +372 6501808 Tellimused: +358 400 854046<\/p>\n","protected":false},"author":1,"featured_media":0,"parent":0,"menu_order":0,"comment_status":"closed","ping_status":"closed","template":"page-full.php","meta":{"footnotes":""},"class_list":["post-132","page","type-page","status-publish","hentry"],"_links":{"self":[{"href":"https:\/\/www.valesokkeli.fi\/et\/wp-json\/wp\/v2\/pages\/132\/"}],"collection":[{"href":"https:\/\/www.valesokkeli.fi\/et\/wp-json\/wp\/v2\/pages\/"}],"about":[{"href":"https:\/\/www.valesokkeli.fi\/et\/wp-json\/wp\/v2\/types\/page\/"}],"author":[{"embeddable":true,"href":"https:\/\/www.valesokkeli.fi\/et\/wp-json\/wp\/v2\/users\/1\/"}],"replies":[{"embeddable":true,"href":"https:\/\/www.valesokkeli.fi\/et\/wp-json\/wp\/v2\/comments\/?post=132"}],"version-history":[{"count":5,"href":"https:\/\/www.valesokkeli.fi\/et\/wp-json\/wp\/v2\/pages\/132\/revisions\/"}],"predecessor-version":[{"id":626,"href":"https:\/\/www.valesokkeli.fi\/et\/wp-json\/wp\/v2\/pages\/132\/revisions\/626\/"}],"wp:attachment":[{"href":"https:\/\/www.valesokkeli.fi\/et\/wp-json\/wp\/v2\/media\/?parent=132"}],"curies":[{"name":"wp","href":"https:\/\/api.w.org\/{rel}","templated":true}]}}