{"id":128,"date":"2018-12-21T14:37:33","date_gmt":"2018-12-21T12:37:33","guid":{"rendered":"https:\/\/veebidoktor.ee\/valesokkeli\/?page_id=128"},"modified":"2019-02-11T12:04:09","modified_gmt":"2019-02-11T10:04:09","slug":"katsekoormused","status":"publish","type":"page","link":"https:\/\/www.valesokkeli.fi\/et\/katsekoormused\/","title":{"rendered":"Katsekoormused"},"content":{"rendered":"<div id=\"pl-128\"  class=\"panel-layout\" ><div id=\"pg-128-0\"  class=\"panel-grid panel-no-style\" ><div id=\"pgc-128-0-0\"  class=\"panel-grid-cell\" ><div id=\"panel-128-0-0-0\" class=\"so-panel widget widget_siteorigin-panels-builder panel-first-child panel-last-child\" data-index=\"0\" ><div id=\"pl-w5c614899e7ed0\"  class=\"panel-layout\" ><div id=\"pg-w5c614899e7ed0-0\"  class=\"panel-grid panel-no-style\" ><div id=\"pgc-w5c614899e7ed0-0-0\"  class=\"panel-grid-cell\" ><div id=\"panel-w5c614899e7ed0-0-0-0\" class=\"so-panel widget widget_sow-editor panel-first-child\" data-index=\"0\" ><div\n\t\t\t\n\t\t\tclass=\"so-widget-sow-editor so-widget-sow-editor-base\"\n\t\t\t\n\t\t>\n<div class=\"siteorigin-widget-tinymce textwidget\">\n\t<p style=\"text-align: center;\">Talakinga koormuskatsed viidi l\u00e4bi Sein\u00e4joe kutsek\u00f5rgkooli (Sein\u00e4joen Ammatikorkeakoulu) hoonetehnika laboris. Viidi l\u00e4bi kolm katset.<\/p>\n<p style=\"text-align: center;\">K\u00f5ik kolm katset talusid enam kui 80 kN t\u00f5mbetugevust. St \u00fcks talaking talub 80 kN (8157,73 kg) koormust.<\/p>\n<p style=\"text-align: center;\">Soovi korral saadame aruande PDF formaadis.<\/p>\n<\/div>\n<\/div><\/div><div id=\"panel-w5c614899e7ed0-0-0-1\" class=\"so-panel widget widget_sow-image\" data-index=\"1\" ><div id=\"time-icon\" class=\"panel-widget-style panel-widget-style-for-w5c614899e7ed0-0-0-1\" ><div\n\t\t\t\n\t\t\tclass=\"so-widget-sow-image so-widget-sow-image-default-c67d20f9f743\"\n\t\t\t\n\t\t>\n<div class=\"sow-image-container\">\n\t\t<img \n\tsrc=\"https:\/\/www.valesokkeli.fi\/wp-content\/uploads\/2018\/12\/time-icon.svg\" width=\"61\" height=\"65\" sizes=\"(max-width: 61px) 100vw, 61px\" alt=\"\" \t\tclass=\"so-widget-image\"\/>\n\t<\/div>\n\n<\/div><\/div><\/div><div id=\"panel-w5c614899e7ed0-0-0-2\" class=\"widget_text so-panel widget widget_custom_html\" data-index=\"2\" ><div class=\"textwidget custom-html-widget\"><h5 class=\"dark-title\">\n\tN\u00e4iteobjekt: 12,5m x 12,5m = 156 m2 \u00fchepereelamu\n<\/h5><\/div><\/div><div id=\"panel-w5c614899e7ed0-0-0-3\" class=\"so-panel widget widget_siteorigin-panels-builder\" data-index=\"3\" ><div id=\"pl-w5c2497ae6a54c\"  class=\"panel-layout\" ><div id=\"pg-w5c2497ae6a54c-0\"  class=\"panel-grid panel-no-style\" ><div id=\"pgc-w5c2497ae6a54c-0-0\"  class=\"panel-grid-cell\" ><div class=\"test-panel-wrapper panel-cell-style panel-cell-style-for-w5c2497ae6a54c-0-0\" ><div id=\"panel-w5c2497ae6a54c-0-0-0\" class=\"so-panel widget widget_sow-editor panel-first-child panel-last-child\" data-index=\"0\" ><div class=\"test-panel panel-widget-style panel-widget-style-for-w5c2497ae6a54c-0-0-0\" ><div\n\t\t\t\n\t\t\tclass=\"so-widget-sow-editor so-widget-sow-editor-base\"\n\t\t\t\n\t\t>\n<div class=\"siteorigin-widget-tinymce textwidget\">\n\t<p style=\"text-align: center;\">Sama p\u00f5him\u00f5te, remontimine<br \/>\ntoimub seestpoolt.<\/p>\n<\/div>\n<\/div><\/div><\/div><\/div><\/div><div id=\"pgc-w5c2497ae6a54c-0-1\"  class=\"panel-grid-cell\" ><div class=\"test-panel-wrapper panel-cell-style panel-cell-style-for-w5c2497ae6a54c-0-1\" ><div id=\"panel-w5c2497ae6a54c-0-1-0\" class=\"so-panel widget widget_sow-editor panel-first-child panel-last-child\" data-index=\"1\" ><div class=\"test-panel panel-widget-style panel-widget-style-for-w5c2497ae6a54c-0-1-0\" ><div\n\t\t\t\n\t\t\tclass=\"so-widget-sow-editor so-widget-sow-editor-base\"\n\t\t\t\n\t\t>\n<div class=\"siteorigin-widget-tinymce textwidget\">\n\t<p style=\"text-align: center;\">Seintest on eemaldatud seinaplaadid, aurut\u00f5ke ja vill.<\/p>\n<\/div>\n<\/div><\/div><\/div><\/div><\/div><div id=\"pgc-w5c2497ae6a54c-0-2\"  class=\"panel-grid-cell\" ><div class=\"test-panel-wrapper panel-cell-style panel-cell-style-for-w5c2497ae6a54c-0-2\" ><div id=\"panel-w5c2497ae6a54c-0-2-0\" class=\"so-panel widget widget_sow-editor panel-first-child panel-last-child\" data-index=\"2\" ><div class=\"test-panel panel-widget-style panel-widget-style-for-w5c2497ae6a54c-0-2-0\" ><div\n\t\t\t\n\t\t\tclass=\"so-widget-sow-editor so-widget-sow-editor-base\"\n\t\t\t\n\t\t>\n<div class=\"siteorigin-widget-tinymce textwidget\">\n\t<p style=\"text-align: center;\">Remonditakse ainult<br \/>\nkarkassi.<\/p>\n<\/div>\n<\/div><\/div><\/div><\/div><\/div><\/div><\/div><\/div><div id=\"panel-w5c614899e7ed0-0-0-4\" class=\"so-panel widget widget_siteorigin-panels-builder panel-last-child\" data-index=\"4\" ><div class=\"results-panel-wrapper panel-widget-style panel-widget-style-for-w5c614899e7ed0-0-0-4\" ><div id=\"pl-w5c249a1e561bf\"  class=\"panel-layout\" ><div id=\"pg-w5c249a1e561bf-0\"  class=\"panel-grid panel-no-style\" ><div id=\"pgc-w5c249a1e561bf-0-0\"  class=\"panel-grid-cell\" ><div id=\"panel-w5c249a1e561bf-0-0-0\" class=\"widget_text so-panel widget widget_custom_html panel-first-child panel-last-child\" data-index=\"0\" ><div class=\"textwidget custom-html-widget\"><h2 class=\"centered-title\">\n\tTulemused:\n<\/h2><\/div><\/div><\/div><\/div><div id=\"pg-w5c249a1e561bf-1\"  class=\"panel-grid panel-no-style\" ><div id=\"pgc-w5c249a1e561bf-1-0\"  class=\"panel-grid-cell\" ><div class=\"results-panel panel-cell-style panel-cell-style-for-w5c249a1e561bf-1-0\" ><div id=\"panel-w5c249a1e561bf-1-0-0\" class=\"so-panel widget widget_sow-editor panel-first-child panel-last-child\" data-index=\"1\" ><div\n\t\t\t\n\t\t\tclass=\"so-widget-sow-editor so-widget-sow-editor-base\"\n\t\t\t\n\t\t>\n<div class=\"siteorigin-widget-tinymce textwidget\">\n\t<h5>Remontimine plokkide abil<\/h5>\n<p>Katuse toestamine = <strong>1 p\u00e4ev.<\/strong><\/p>\n<p>100 plokki, paikapanek ja m\u00fc\u00fcrimine. Alumiste juhtplankude paigaldus, p\u00fcstkarkasside paigaldamine ja kindlustamine = <strong>23 p\u00e4eva.<\/strong><\/p>\n<p>Plokkide abil remontimisele kulunud aeg: <strong>24 p\u00e4eva.<\/strong><\/p>\n<p>Ja nimetatud t\u00f6\u00f6aja puhul pole arvesse v\u00f5etud lae ja p\u00f5randa remonti.<\/p>\n<\/div>\n<\/div><\/div><\/div><\/div><div id=\"pgc-w5c249a1e561bf-1-1\"  class=\"panel-grid-cell\" ><div class=\"results-panel panel-cell-style panel-cell-style-for-w5c249a1e561bf-1-1\" ><div id=\"panel-w5c249a1e561bf-1-1-0\" class=\"so-panel widget widget_sow-editor panel-first-child panel-last-child\" data-index=\"2\" ><div\n\t\t\t\n\t\t\tclass=\"so-widget-sow-editor so-widget-sow-editor-base\"\n\t\t\t\n\t\t>\n<div class=\"siteorigin-widget-tinymce textwidget\">\n\t<h5>Remontimine talakingade abil<\/h5>\n<p>T\u00f6\u00f6d valmis = <span style=\"color: #ff0000;\"><strong style=\"color: inherit;\">4 p\u00e4eva.<\/strong><\/span><\/p>\n<p>Karkassi remondile kulunud aeg: 20 p\u00e4eva v\u00e4hem, ehk 5-6 korda kiirem meetod.<\/p>\n<\/div>\n<\/div><\/div><\/div><\/div><\/div><\/div><\/div><\/div><\/div><\/div><\/div><\/div><\/div><\/div><\/div>","protected":false},"excerpt":{"rendered":"<p>Talakinga koormuskatsed viidi l\u00e4bi Sein\u00e4joe kutsek\u00f5rgkooli (Sein\u00e4joen Ammatikorkeakoulu) hoonetehnika laboris. Viidi l\u00e4bi kolm katset. K\u00f5ik kolm katset talusid enam kui 80 kN t\u00f5mbetugevust. St \u00fcks talaking talub 80 kN (8157,73 kg) koormust. Soovi korral saadame aruande PDF formaadis. N\u00e4iteobjekt: 12,5m x 12,5m = 156 m2 \u00fchepereelamu Sama p\u00f5him\u00f5te, remontimine toimub seestpoolt. Seintest on eemaldatud seinaplaadid, [&hellip;]<\/p>\n","protected":false},"author":1,"featured_media":0,"parent":0,"menu_order":0,"comment_status":"closed","ping_status":"closed","template":"","meta":{"footnotes":""},"class_list":["post-128","page","type-page","status-publish","hentry"],"_links":{"self":[{"href":"https:\/\/www.valesokkeli.fi\/et\/wp-json\/wp\/v2\/pages\/128\/"}],"collection":[{"href":"https:\/\/www.valesokkeli.fi\/et\/wp-json\/wp\/v2\/pages\/"}],"about":[{"href":"https:\/\/www.valesokkeli.fi\/et\/wp-json\/wp\/v2\/types\/page\/"}],"author":[{"embeddable":true,"href":"https:\/\/www.valesokkeli.fi\/et\/wp-json\/wp\/v2\/users\/1\/"}],"replies":[{"embeddable":true,"href":"https:\/\/www.valesokkeli.fi\/et\/wp-json\/wp\/v2\/comments\/?post=128"}],"version-history":[{"count":5,"href":"https:\/\/www.valesokkeli.fi\/et\/wp-json\/wp\/v2\/pages\/128\/revisions\/"}],"predecessor-version":[{"id":476,"href":"https:\/\/www.valesokkeli.fi\/et\/wp-json\/wp\/v2\/pages\/128\/revisions\/476\/"}],"wp:attachment":[{"href":"https:\/\/www.valesokkeli.fi\/et\/wp-json\/wp\/v2\/media\/?parent=128"}],"curies":[{"name":"wp","href":"https:\/\/api.w.org\/{rel}","templated":true}]}}